{"id":47432,"date":"2020-12-29T13:54:00","date_gmt":"2020-12-29T12:54:00","guid":{"rendered":"https:\/\/www.glossmakeupschool.com\/?page_id=47432"},"modified":"2026-04-20T09:55:01","modified_gmt":"2026-04-20T09:55:01","slug":"maquillaje-novias-en-valencia","status":"publish","type":"page","link":"https:\/\/cristinagarciabeauty.es\/index.php\/maquillaje-novias-en-valencia\/","title":{"rendered":"Maquillaje y Peinados de novias e invitadas"},"content":{"rendered":"\t\t<div data-elementor-type=\"wp-page\" data-elementor-id=\"47432\" class=\"elementor elementor-47432\">\n\t\t\t\t<div class=\"elementor-element elementor-element-f945cf8 e-flex e-con-boxed e-con e-parent\" data-id=\"f945cf8\" data-element_type=\"container\" data-e-type=\"container\">\n\t\t\t\t\t<div class=\"e-con-inner\">\n\t\t<div class=\"elementor-element elementor-element-c528722 e-con-full e-flex e-con e-child\" data-id=\"c528722\" data-element_type=\"container\" data-e-type=\"container\" data-settings=\"{&quot;background_background&quot;:&quot;classic&quot;}\">\n\t\t\t\t<\/div>\n\t\t<div class=\"elementor-element elementor-element-648cb6b e-con-full e-flex e-con e-child\" data-id=\"648cb6b\" data-element_type=\"container\" data-e-type=\"container\">\n\t\t\t\t<div class=\"elementor-element elementor-element-ece1dd4 elementor-widget__width-initial elementor-widget elementor-widget-heading\" data-id=\"ece1dd4\" data-element_type=\"widget\" data-e-type=\"widget\" data-widget_type=\"heading.default\">\n\t\t\t\t<div class=\"elementor-widget-container\">\n\t\t\t\t\t<h1 class=\"elementor-heading-title elementor-size-default\"> LA NOVIA<\/h1>\t\t\t\t<\/div>\n\t\t\t\t<\/div>\n\t\t\t\t<div class=\"elementor-element elementor-element-3798433 elementor-widget-tablet_extra__width-initial elementor-widget elementor-widget-heading\" data-id=\"3798433\" data-element_type=\"widget\" data-e-type=\"widget\" data-widget_type=\"heading.default\">\n\t\t\t\t<div class=\"elementor-widget-container\">\n\t\t\t\t\t<h3 class=\"elementor-heading-title elementor-size-default\">Maquillaje y Peinados para novias e invitadas<\/h3>\t\t\t\t<\/div>\n\t\t\t\t<\/div>\n\t\t\t\t<div class=\"elementor-element elementor-element-739ee6a elementor-drop-cap-yes elementor-widget-tablet__width-initial elementor-widget__width-initial elementor-drop-cap-view-default elementor-widget elementor-widget-text-editor\" data-id=\"739ee6a\" data-element_type=\"widget\" data-e-type=\"widget\" data-settings=\"{&quot;drop_cap&quot;:&quot;yes&quot;}\" data-widget_type=\"text-editor.default\">\n\t\t\t\t<div class=\"elementor-widget-container\">\n\t\t\t\t\t\t\t\t\t<p><span style=\"font-family: Montserrat;\">Maquillaje y Peinados para Novias e invitadas en Valencia, cada novia tiene su propia esencia y estilo,\u00a0 mi misi\u00f3n es ayudarte a realzar tu belleza natural para que te sientas incre\u00edble en tu gran d\u00eda.<\/span><\/p><p><span style=\"font-family: Montserrat;\">Con una experiencia personalizada, te ofrezco un maquillaje que se adapte perfectamente a tu piel, ya sea con una base convencional o con la t\u00e9cnica innovadora del aer\u00f3grafo, garantizando un acabado impecable y duradero.<\/span><\/p><p><span style=\"font-family: Montserrat;\">He tenido el privilegio de trabajar con muchas novias, capturando su visi\u00f3n y transform\u00e1ndola en realidad, como puedes ver en las fotos de mis trabajos.\u00a0<\/span><\/p><p><span style=\"font-family: Montserrat;\">Cada imagen refleja un momento \u00fanico de felicidad y estilo, creado con dedicaci\u00f3n y amor por mi profesi\u00f3n. Desde mi estudio o a domicilio en Valencia y alrededores, me encargar\u00e9 de que el d\u00eda de tu boda comience con una experiencia relajante y llena de confianza, resaltando lo mejor de ti con un look que se mantendr\u00e1 perfecto hasta el \u00faltimo baile.\u00a0<\/span><\/p>\t\t\t\t\t\t\t\t<\/div>\n\t\t\t\t<\/div>\n\t\t\t\t<div class=\"elementor-element elementor-element-0d51a11 elementor-widget__width-initial elementor-widget elementor-widget-eael-adv-accordion\" data-id=\"0d51a11\" data-element_type=\"widget\" data-e-type=\"widget\" data-widget_type=\"eael-adv-accordion.default\">\n\t\t\t\t<div class=\"elementor-widget-container\">\n\t\t\t\t\t            <div class=\"eael-adv-accordion\" id=\"eael-adv-accordion-0d51a11\" data-scroll-on-click=\"no\" data-scroll-speed=\"300\" data-accordion-id=\"0d51a11\" data-accordion-type=\"accordion\" data-toogle-speed=\"300\">\n            <div class=\"eael-accordion-list\">\n\t\t\t\t\t<div id=\"servicios-para-novias-a-domicilio\" class=\"elementor-tab-title eael-accordion-header\" tabindex=\"0\" data-tab=\"1\" aria-controls=\"elementor-tab-content-1391\"><span class=\"eael-advanced-accordion-icon-closed\"><svg aria-hidden=\"true\" class=\"fa-accordion-icon e-font-icon-svg e-fas-plus\" viewBox=\"0 0 448 512\" xmlns=\"http:\/\/www.w3.org\/2000\/svg\"><path d=\"M416 208H272V64c0-17.67-14.33-32-32-32h-32c-17.67 0-32 14.33-32 32v144H32c-17.67 0-32 14.33-32 32v32c0 17.67 14.33 32 32 32h144v144c0 17.67 14.33 32 32 32h32c17.67 0 32-14.33 32-32V304h144c17.67 0 32-14.33 32-32v-32c0-17.67-14.33-32-32-32z\"><\/path><\/svg><\/span><span class=\"eael-advanced-accordion-icon-opened\"><svg aria-hidden=\"true\" class=\"fa-accordion-icon e-font-icon-svg e-fas-minus\" viewBox=\"0 0 448 512\" xmlns=\"http:\/\/www.w3.org\/2000\/svg\"><path d=\"M416 208H32c-17.67 0-32 14.33-32 32v32c0 17.67 14.33 32 32 32h384c17.67 0 32-14.33 32-32v-32c0-17.67-14.33-32-32-32z\"><\/path><\/svg><\/span><span class=\"eael-accordion-tab-title\">SERVICIOS PARA NOVIAS A DOMICILIO<\/span><svg aria-hidden=\"true\" class=\"fa-toggle e-font-icon-svg e-fas-angle-right\" viewBox=\"0 0 256 512\" xmlns=\"http:\/\/www.w3.org\/2000\/svg\"><path d=\"M224.3 273l-136 136c-9.4 9.4-24.6 9.4-33.9 0l-22.6-22.6c-9.4-9.4-9.4-24.6 0-33.9l96.4-96.4-96.4-96.4c-9.4-9.4-9.4-24.6 0-33.9L54.3 103c9.4-9.4 24.6-9.4 33.9 0l136 136c9.5 9.4 9.5 24.6.1 34z\"><\/path><\/svg><\/div><div id=\"elementor-tab-content-1391\" class=\"eael-accordion-content clearfix\" data-tab=\"1\" aria-labelledby=\"servicios-para-novias-a-domicilio\"><p><span><strong>Novias a Domicilio<\/strong><\/span><span>\u00a0<\/span><\/p><ul><li><span> Maquillaje de novia con opci\u00f3n base o aerograf\u00eda (prueba incluida).\u202f \u202f<\/span><span><strong>275\u20ac<\/strong><\/span><\/li><li><span> Maquillaje y Peluquer\u00eda de novia con prueba incluida.\u202f \u202f \u202f<\/span><span><strong>395\u20ac.<\/strong><\/span><\/li><li><span> Marcado <strong>70\u20ac<\/strong>.<\/span><\/li><li><span> Ondas Hollywood <strong>70\u20ac<\/strong><\/span><\/li><li><span> Semirrecogidos de pelo <strong>70\u20ac<\/strong>.<\/span><\/li><li><span> Recogidos de pelo <strong>80\u20ac.<\/strong><\/span><\/li><\/ul><p><span>\u00a0<\/span><\/p><p><strong>-Novias a Domicilio, (m\u00e1ximo 20 kms de Valencia), para distancias superiores consultar precio kilometraje.<\/strong><span>\u00a0<\/span><\/p><\/div>\n\t\t\t\t\t<\/div><div class=\"eael-accordion-list\">\n\t\t\t\t\t<div id=\"servicio-para-novias-en-estudio\" class=\"elementor-tab-title eael-accordion-header\" tabindex=\"0\" data-tab=\"2\" aria-controls=\"elementor-tab-content-1392\"><span class=\"eael-advanced-accordion-icon-closed\"><svg aria-hidden=\"true\" class=\"fa-accordion-icon e-font-icon-svg e-fas-plus\" viewBox=\"0 0 448 512\" xmlns=\"http:\/\/www.w3.org\/2000\/svg\"><path d=\"M416 208H272V64c0-17.67-14.33-32-32-32h-32c-17.67 0-32 14.33-32 32v144H32c-17.67 0-32 14.33-32 32v32c0 17.67 14.33 32 32 32h144v144c0 17.67 14.33 32 32 32h32c17.67 0 32-14.33 32-32V304h144c17.67 0 32-14.33 32-32v-32c0-17.67-14.33-32-32-32z\"><\/path><\/svg><\/span><span class=\"eael-advanced-accordion-icon-opened\"><svg aria-hidden=\"true\" class=\"fa-accordion-icon e-font-icon-svg e-fas-minus\" viewBox=\"0 0 448 512\" xmlns=\"http:\/\/www.w3.org\/2000\/svg\"><path d=\"M416 208H32c-17.67 0-32 14.33-32 32v32c0 17.67 14.33 32 32 32h384c17.67 0 32-14.33 32-32v-32c0-17.67-14.33-32-32-32z\"><\/path><\/svg><\/span><span class=\"eael-accordion-tab-title\">SERVICIO PARA NOVIAS EN ESTUDIO<\/span><svg aria-hidden=\"true\" class=\"fa-toggle e-font-icon-svg e-fas-angle-right\" viewBox=\"0 0 256 512\" xmlns=\"http:\/\/www.w3.org\/2000\/svg\"><path d=\"M224.3 273l-136 136c-9.4 9.4-24.6 9.4-33.9 0l-22.6-22.6c-9.4-9.4-9.4-24.6 0-33.9l96.4-96.4-96.4-96.4c-9.4-9.4-9.4-24.6 0-33.9L54.3 103c9.4-9.4 24.6-9.4 33.9 0l136 136c9.5 9.4 9.5 24.6.1 34z\"><\/path><\/svg><\/div><div id=\"elementor-tab-content-1392\" class=\"eael-accordion-content clearfix\" data-tab=\"2\" aria-labelledby=\"servicio-para-novias-en-estudio\"><p><strong>\u00a0 \u00a0 \u00a0Novias en Estudio<\/strong><span>\u00a0<\/span><\/p><ul><li><span> Maquillaje de Novia con base o aer\u00f3grafo, prueba incluida, <strong>190\u20ac<\/strong>.<\/span><\/li><li><span> Maquillaje y Peluquer\u00eda de novia con prueba incluida + aerograf\u00eda.\u202f \u202f\u202f<\/span><span><strong>290\u20ac.<\/strong><\/span><\/li><\/ul><\/div>\n\t\t\t\t\t<\/div><\/div>\t\t\t\t<\/div>\n\t\t\t\t<\/div>\n\t\t\t\t<div class=\"elementor-element elementor-element-fcff180 elementor-mobile-align-justify elementor-widget-mobile__width-initial elementor-align-justify elementor-widget__width-initial elementor-invisible elementor-widget elementor-widget-button\" data-id=\"fcff180\" data-element_type=\"widget\" data-e-type=\"widget\" data-settings=\"{&quot;_animation&quot;:&quot;fadeInLeft&quot;}\" data-widget_type=\"button.default\">\n\t\t\t\t<div class=\"elementor-widget-container\">\n\t\t\t\t\t\t\t\t\t<div class=\"elementor-button-wrapper\">\n\t\t\t\t\t<a class=\"elementor-button elementor-button-link elementor-size-sm\" href=\"https:\/\/tiendaonline.glossmakeupschool.com\/tienda\/reservas\/reserva-tu-fecha-de-boda-maquillaje-y-o-peluqueria\/\">\n\t\t\t\t\t\t<span class=\"elementor-button-content-wrapper\">\n\t\t\t\t\t\t\t\t\t<span class=\"elementor-button-text\">RESERVA TU MAQUILLAJE AQUI<\/span>\n\t\t\t\t\t<\/span>\n\t\t\t\t\t<\/a>\n\t\t\t\t<\/div>\n\t\t\t\t\t\t\t\t<\/div>\n\t\t\t\t<\/div>\n\t\t\t\t<\/div>\n\t\t<div class=\"elementor-element elementor-element-4b21cfd e-con-full e-flex e-con e-child\" data-id=\"4b21cfd\" data-element_type=\"container\" data-e-type=\"container\" data-settings=\"{&quot;background_background&quot;:&quot;slideshow&quot;,&quot;background_slideshow_gallery&quot;:[{&quot;id&quot;:74915,&quot;url&quot;:&quot;https:\\\/\\\/www.glossmakeupschool.com\\\/wp-content\\\/uploads\\\/2025\\\/02\\\/laura-y-jaime-2.png&quot;}],&quot;background_slideshow_loop&quot;:&quot;yes&quot;,&quot;background_slideshow_slide_duration&quot;:5000,&quot;background_slideshow_slide_transition&quot;:&quot;fade&quot;,&quot;background_slideshow_transition_duration&quot;:500}\">\n\t\t\t\t<\/div>\n\t\t\t\t\t<\/div>\n\t\t\t\t<\/div>\n\t\t\t\t<\/div>\n\t\t","protected":false},"excerpt":{"rendered":"<p>Maquillaje y Peinados para Novias  e invitadas en Valencia, cada novia tiene su propia esencia y estilo,\u00a0 mi misi\u00f3n es ayudarte a realzar tu belleza natural para que te sientas incre\u00edble en tu gran d\u00eda.<\/p>\n","protected":false},"author":2,"featured_media":73301,"parent":0,"menu_order":11,"comment_status":"closed","ping_status":"closed","template":"","meta":{"footnotes":""},"class_list":["post-47432","page","type-page","status-publish","has-post-thumbnail","hentry"],"yoast_head":"<!-- This site is optimized with the Yoast SEO plugin v27.4 - https:\/\/yoast.com\/product\/yoast-seo-wordpress\/ -->\n<title>Maquillaje de Novias en Valencia<\/title>\n<meta name=\"description\" content=\"Especialista en maquillaje y peluquer\u00eda para novias en Valencia. Maquillaje con base convencional y aer\u00f3grafo en mi estudio o a domicilio.\" \/>\n<meta name=\"robots\" content=\"index, follow, max-snippet:-1, max-image-preview:large, max-video-preview:-1\" \/>\n<link rel=\"canonical\" href=\"https:\/\/cristinagarciabeauty.es\/index.php\/maquillaje-novias-en-valencia\/\" \/>\n<meta property=\"og:locale\" content=\"es_ES\" \/>\n<meta property=\"og:type\" content=\"article\" \/>\n<meta property=\"og:title\" content=\"Maquillaje de Novias en Valencia\" \/>\n<meta property=\"og:description\" content=\"Especialista en maquillaje y peluquer\u00eda para novias en Valencia. Maquillaje con base convencional y aer\u00f3grafo en mi estudio o a domicilio.\" \/>\n<meta property=\"og:url\" content=\"https:\/\/cristinagarciabeauty.es\/index.php\/maquillaje-novias-en-valencia\/\" \/>\n<meta property=\"og:site_name\" content=\"Cristina Garc\u00eda BEAUTY STUDIO\" \/>\n<meta property=\"article:modified_time\" content=\"2026-04-20T09:55:01+00:00\" \/>\n<meta property=\"og:image\" content=\"https:\/\/cristinagarciabeauty.es\/wp-content\/uploads\/2024\/09\/ALBA-scaled-1.jpg\" \/>\n\t<meta property=\"og:image:width\" content=\"641\" \/>\n\t<meta property=\"og:image:height\" content=\"1000\" \/>\n\t<meta property=\"og:image:type\" content=\"image\/jpeg\" \/>\n<meta name=\"twitter:card\" content=\"summary_large_image\" \/>\n<meta name=\"twitter:label1\" content=\"Tiempo de lectura\" \/>\n\t<meta name=\"twitter:data1\" content=\"2 minutos\" \/>\n<script type=\"application\/ld+json\" class=\"yoast-schema-graph\">{\"@context\":\"https:\\\/\\\/schema.org\",\"@graph\":[{\"@type\":\"WebPage\",\"@id\":\"https:\\\/\\\/cristinagarciabeauty.es\\\/index.php\\\/maquillaje-novias-en-valencia\\\/\",\"url\":\"https:\\\/\\\/cristinagarciabeauty.es\\\/index.php\\\/maquillaje-novias-en-valencia\\\/\",\"name\":\"Maquillaje de Novias en Valencia\",\"isPartOf\":{\"@id\":\"https:\\\/\\\/cristinagarciabeauty.es\\\/#website\"},\"primaryImageOfPage\":{\"@id\":\"https:\\\/\\\/cristinagarciabeauty.es\\\/index.php\\\/maquillaje-novias-en-valencia\\\/#primaryimage\"},\"image\":{\"@id\":\"https:\\\/\\\/cristinagarciabeauty.es\\\/index.php\\\/maquillaje-novias-en-valencia\\\/#primaryimage\"},\"thumbnailUrl\":\"https:\\\/\\\/cristinagarciabeauty.es\\\/wp-content\\\/uploads\\\/2024\\\/09\\\/ALBA-scaled-1.jpg\",\"datePublished\":\"2020-12-29T12:54:00+00:00\",\"dateModified\":\"2026-04-20T09:55:01+00:00\",\"description\":\"Especialista en maquillaje y peluquer\u00eda para novias en Valencia. Maquillaje con base convencional y aer\u00f3grafo en mi estudio o a domicilio.\",\"breadcrumb\":{\"@id\":\"https:\\\/\\\/cristinagarciabeauty.es\\\/index.php\\\/maquillaje-novias-en-valencia\\\/#breadcrumb\"},\"inLanguage\":\"es\",\"potentialAction\":[{\"@type\":\"ReadAction\",\"target\":[\"https:\\\/\\\/cristinagarciabeauty.es\\\/index.php\\\/maquillaje-novias-en-valencia\\\/\"]}]},{\"@type\":\"ImageObject\",\"inLanguage\":\"es\",\"@id\":\"https:\\\/\\\/cristinagarciabeauty.es\\\/index.php\\\/maquillaje-novias-en-valencia\\\/#primaryimage\",\"url\":\"https:\\\/\\\/cristinagarciabeauty.es\\\/wp-content\\\/uploads\\\/2024\\\/09\\\/ALBA-scaled-1.jpg\",\"contentUrl\":\"https:\\\/\\\/cristinagarciabeauty.es\\\/wp-content\\\/uploads\\\/2024\\\/09\\\/ALBA-scaled-1.jpg\",\"width\":641,\"height\":1000,\"caption\":\"Maquillaje de Novias en Valencia\"},{\"@type\":\"BreadcrumbList\",\"@id\":\"https:\\\/\\\/cristinagarciabeauty.es\\\/index.php\\\/maquillaje-novias-en-valencia\\\/#breadcrumb\",\"itemListElement\":[{\"@type\":\"ListItem\",\"position\":1,\"name\":\"Portada\",\"item\":\"https:\\\/\\\/cristinagarciabeauty.es\\\/\"},{\"@type\":\"ListItem\",\"position\":2,\"name\":\"Maquillaje y Peinados de novias e invitadas\"}]},{\"@type\":\"WebSite\",\"@id\":\"https:\\\/\\\/cristinagarciabeauty.es\\\/#website\",\"url\":\"https:\\\/\\\/cristinagarciabeauty.es\\\/\",\"name\":\"Cristina Garc\u00eda BEAUTY STUDIO\",\"description\":\"Maquillaje Profesional en Valencia, Maquillaje y peinados de novias e invitadas, Micropigmentaci\u00f3n de cejas labios y eye liner en Valencia\",\"publisher\":{\"@id\":\"https:\\\/\\\/cristinagarciabeauty.es\\\/#\\\/schema\\\/person\\\/fa15d7a15b93f1a0409ec4f3608432c8\"},\"alternateName\":\"Cristina Garcia BEAUTY\",\"potentialAction\":[{\"@type\":\"SearchAction\",\"target\":{\"@type\":\"EntryPoint\",\"urlTemplate\":\"https:\\\/\\\/cristinagarciabeauty.es\\\/?s={search_term_string}\"},\"query-input\":{\"@type\":\"PropertyValueSpecification\",\"valueRequired\":true,\"valueName\":\"search_term_string\"}}],\"inLanguage\":\"es\"},{\"@type\":[\"Person\",\"Organization\"],\"@id\":\"https:\\\/\\\/cristinagarciabeauty.es\\\/#\\\/schema\\\/person\\\/fa15d7a15b93f1a0409ec4f3608432c8\",\"name\":\"admin\",\"image\":{\"@type\":\"ImageObject\",\"inLanguage\":\"es\",\"@id\":\"https:\\\/\\\/cristinagarciabeauty.es\\\/wp-content\\\/uploads\\\/2024\\\/01\\\/cropped-LOGO-CRIS-BEAUTY-MICRO-e1705351270214.png\",\"url\":\"https:\\\/\\\/cristinagarciabeauty.es\\\/wp-content\\\/uploads\\\/2024\\\/01\\\/cropped-LOGO-CRIS-BEAUTY-MICRO-e1705351270214.png\",\"contentUrl\":\"https:\\\/\\\/cristinagarciabeauty.es\\\/wp-content\\\/uploads\\\/2024\\\/01\\\/cropped-LOGO-CRIS-BEAUTY-MICRO-e1705351270214.png\",\"width\":352,\"height\":253,\"caption\":\"admin\"},\"logo\":{\"@id\":\"https:\\\/\\\/cristinagarciabeauty.es\\\/wp-content\\\/uploads\\\/2024\\\/01\\\/cropped-LOGO-CRIS-BEAUTY-MICRO-e1705351270214.png\"},\"sameAs\":[\"http:\\\/\\\/cristinagarciabeauty.es\"]}]}<\/script>\n<!-- \/ Yoast SEO plugin. -->","yoast_head_json":{"title":"Maquillaje de Novias en Valencia","description":"Especialista en maquillaje y peluquer\u00eda para novias en Valencia. Maquillaje con base convencional y aer\u00f3grafo en mi estudio o a domicilio.","robots":{"index":"index","follow":"follow","max-snippet":"max-snippet:-1","max-image-preview":"max-image-preview:large","max-video-preview":"max-video-preview:-1"},"canonical":"https:\/\/cristinagarciabeauty.es\/index.php\/maquillaje-novias-en-valencia\/","og_locale":"es_ES","og_type":"article","og_title":"Maquillaje de Novias en Valencia","og_description":"Especialista en maquillaje y peluquer\u00eda para novias en Valencia. Maquillaje con base convencional y aer\u00f3grafo en mi estudio o a domicilio.","og_url":"https:\/\/cristinagarciabeauty.es\/index.php\/maquillaje-novias-en-valencia\/","og_site_name":"Cristina Garc\u00eda BEAUTY STUDIO","article_modified_time":"2026-04-20T09:55:01+00:00","og_image":[{"width":641,"height":1000,"url":"https:\/\/cristinagarciabeauty.es\/wp-content\/uploads\/2024\/09\/ALBA-scaled-1.jpg","type":"image\/jpeg"}],"twitter_card":"summary_large_image","twitter_misc":{"Tiempo de lectura":"2 minutos"},"schema":{"@context":"https:\/\/schema.org","@graph":[{"@type":"WebPage","@id":"https:\/\/cristinagarciabeauty.es\/index.php\/maquillaje-novias-en-valencia\/","url":"https:\/\/cristinagarciabeauty.es\/index.php\/maquillaje-novias-en-valencia\/","name":"Maquillaje de Novias en Valencia","isPartOf":{"@id":"https:\/\/cristinagarciabeauty.es\/#website"},"primaryImageOfPage":{"@id":"https:\/\/cristinagarciabeauty.es\/index.php\/maquillaje-novias-en-valencia\/#primaryimage"},"image":{"@id":"https:\/\/cristinagarciabeauty.es\/index.php\/maquillaje-novias-en-valencia\/#primaryimage"},"thumbnailUrl":"https:\/\/cristinagarciabeauty.es\/wp-content\/uploads\/2024\/09\/ALBA-scaled-1.jpg","datePublished":"2020-12-29T12:54:00+00:00","dateModified":"2026-04-20T09:55:01+00:00","description":"Especialista en maquillaje y peluquer\u00eda para novias en Valencia. Maquillaje con base convencional y aer\u00f3grafo en mi estudio o a domicilio.","breadcrumb":{"@id":"https:\/\/cristinagarciabeauty.es\/index.php\/maquillaje-novias-en-valencia\/#breadcrumb"},"inLanguage":"es","potentialAction":[{"@type":"ReadAction","target":["https:\/\/cristinagarciabeauty.es\/index.php\/maquillaje-novias-en-valencia\/"]}]},{"@type":"ImageObject","inLanguage":"es","@id":"https:\/\/cristinagarciabeauty.es\/index.php\/maquillaje-novias-en-valencia\/#primaryimage","url":"https:\/\/cristinagarciabeauty.es\/wp-content\/uploads\/2024\/09\/ALBA-scaled-1.jpg","contentUrl":"https:\/\/cristinagarciabeauty.es\/wp-content\/uploads\/2024\/09\/ALBA-scaled-1.jpg","width":641,"height":1000,"caption":"Maquillaje de Novias en Valencia"},{"@type":"BreadcrumbList","@id":"https:\/\/cristinagarciabeauty.es\/index.php\/maquillaje-novias-en-valencia\/#breadcrumb","itemListElement":[{"@type":"ListItem","position":1,"name":"Portada","item":"https:\/\/cristinagarciabeauty.es\/"},{"@type":"ListItem","position":2,"name":"Maquillaje y Peinados de novias e invitadas"}]},{"@type":"WebSite","@id":"https:\/\/cristinagarciabeauty.es\/#website","url":"https:\/\/cristinagarciabeauty.es\/","name":"Cristina Garc\u00eda BEAUTY STUDIO","description":"Maquillaje Profesional en Valencia, Maquillaje y peinados de novias e invitadas, Micropigmentaci\u00f3n de cejas labios y eye liner en Valencia","publisher":{"@id":"https:\/\/cristinagarciabeauty.es\/#\/schema\/person\/fa15d7a15b93f1a0409ec4f3608432c8"},"alternateName":"Cristina Garcia BEAUTY","potentialAction":[{"@type":"SearchAction","target":{"@type":"EntryPoint","urlTemplate":"https:\/\/cristinagarciabeauty.es\/?s={search_term_string}"},"query-input":{"@type":"PropertyValueSpecification","valueRequired":true,"valueName":"search_term_string"}}],"inLanguage":"es"},{"@type":["Person","Organization"],"@id":"https:\/\/cristinagarciabeauty.es\/#\/schema\/person\/fa15d7a15b93f1a0409ec4f3608432c8","name":"admin","image":{"@type":"ImageObject","inLanguage":"es","@id":"https:\/\/cristinagarciabeauty.es\/wp-content\/uploads\/2024\/01\/cropped-LOGO-CRIS-BEAUTY-MICRO-e1705351270214.png","url":"https:\/\/cristinagarciabeauty.es\/wp-content\/uploads\/2024\/01\/cropped-LOGO-CRIS-BEAUTY-MICRO-e1705351270214.png","contentUrl":"https:\/\/cristinagarciabeauty.es\/wp-content\/uploads\/2024\/01\/cropped-LOGO-CRIS-BEAUTY-MICRO-e1705351270214.png","width":352,"height":253,"caption":"admin"},"logo":{"@id":"https:\/\/cristinagarciabeauty.es\/wp-content\/uploads\/2024\/01\/cropped-LOGO-CRIS-BEAUTY-MICRO-e1705351270214.png"},"sameAs":["http:\/\/cristinagarciabeauty.es"]}]}},"_links":{"self":[{"href":"https:\/\/cristinagarciabeauty.es\/index.php\/wp-json\/wp\/v2\/pages\/47432","targetHints":{"allow":["GET"]}}],"collection":[{"href":"https:\/\/cristinagarciabeauty.es\/index.php\/wp-json\/wp\/v2\/pages"}],"about":[{"href":"https:\/\/cristinagarciabeauty.es\/index.php\/wp-json\/wp\/v2\/types\/page"}],"author":[{"embeddable":true,"href":"https:\/\/cristinagarciabeauty.es\/index.php\/wp-json\/wp\/v2\/users\/2"}],"replies":[{"embeddable":true,"href":"https:\/\/cristinagarciabeauty.es\/index.php\/wp-json\/wp\/v2\/comments?post=47432"}],"version-history":[{"count":15,"href":"https:\/\/cristinagarciabeauty.es\/index.php\/wp-json\/wp\/v2\/pages\/47432\/revisions"}],"predecessor-version":[{"id":83853,"href":"https:\/\/cristinagarciabeauty.es\/index.php\/wp-json\/wp\/v2\/pages\/47432\/revisions\/83853"}],"wp:featuredmedia":[{"embeddable":true,"href":"https:\/\/cristinagarciabeauty.es\/index.php\/wp-json\/wp\/v2\/media\/73301"}],"wp:attachment":[{"href":"https:\/\/cristinagarciabeauty.es\/index.php\/wp-json\/wp\/v2\/media?parent=47432"}],"curies":[{"name":"wp","href":"https:\/\/api.w.org\/{rel}","templated":true}]}}