{"id":46311,"date":"2020-09-25T14:02:28","date_gmt":"2020-09-25T12:02:28","guid":{"rendered":"https:\/\/www.glossmakeupschool.com\/?page_id=46311"},"modified":"2026-04-20T11:20:49","modified_gmt":"2026-04-20T11:20:49","slug":"brunch-beauty-automaquillaje","status":"publish","type":"page","link":"https:\/\/cristinagarciabeauty.es\/index.php\/brunch-beauty-automaquillaje\/","title":{"rendered":"Clase de automaquillaje grupal con Almuerzo"},"content":{"rendered":"\t\t<div data-elementor-type=\"wp-page\" data-elementor-id=\"46311\" class=\"elementor elementor-46311\">\n\t\t\t\t<div class=\"elementor-element elementor-element-c9c6375 e-flex e-con-boxed e-con e-parent\" data-id=\"c9c6375\" data-element_type=\"container\" data-e-type=\"container\">\n\t\t\t\t\t<div class=\"e-con-inner\">\n\t\t<div class=\"elementor-element elementor-element-2ff2120 e-con-full e-flex elementor-invisible e-con e-child\" data-id=\"2ff2120\" data-element_type=\"container\" data-e-type=\"container\" data-settings=\"{&quot;background_background&quot;:&quot;slideshow&quot;,&quot;background_slideshow_gallery&quot;:[{&quot;id&quot;:81342,&quot;url&quot;:&quot;https:\\\/\\\/cristinagarciabeauty.es\\\/wp-content\\\/uploads\\\/2026\\\/03\\\/beautybrunch2-e1775040241744.png&quot;},{&quot;id&quot;:56003,&quot;url&quot;:&quot;https:\\\/\\\/cristinagarciabeauty.es\\\/wp-content\\\/uploads\\\/2022\\\/07\\\/estudio-Cristina-Garcia-scaled-1.jpg&quot;},{&quot;id&quot;:46313,&quot;url&quot;:&quot;https:\\\/\\\/cristinagarciabeauty.es\\\/wp-content\\\/uploads\\\/2020\\\/09\\\/brunch-gloss3.jpg&quot;}],&quot;background_slideshow_slide_duration&quot;:4000,&quot;animation&quot;:&quot;fadeInLeft&quot;,&quot;background_slideshow_loop&quot;:&quot;yes&quot;,&quot;background_slideshow_slide_transition&quot;:&quot;fade&quot;,&quot;background_slideshow_transition_duration&quot;:500}\">\n\t\t\t\t<\/div>\n\t\t<div class=\"elementor-element elementor-element-9e95c28 e-con-full e-flex e-con e-child\" data-id=\"9e95c28\" data-element_type=\"container\" data-e-type=\"container\">\n\t\t\t\t<div class=\"elementor-element elementor-element-21c4f44 elementor-widget__width-initial elementor-widget elementor-widget-heading\" data-id=\"21c4f44\" data-element_type=\"widget\" data-e-type=\"widget\" data-widget_type=\"heading.default\">\n\t\t\t\t<div class=\"elementor-widget-container\">\n\t\t\t\t\t<h1 class=\"elementor-heading-title elementor-size-default\">Curso de Automaquillaje (BEAUTY BRUNCH) <\/h1>\t\t\t\t<\/div>\n\t\t\t\t<\/div>\n\t\t\t\t<div class=\"elementor-element elementor-element-ea577eb elementor-widget__width-initial elementor-widget elementor-widget-heading\" data-id=\"ea577eb\" data-element_type=\"widget\" data-e-type=\"widget\" data-widget_type=\"heading.default\">\n\t\t\t\t<div class=\"elementor-widget-container\">\n\t\t\t\t\t<h2 class=\"elementor-heading-title elementor-size-default\">Vive la Experiencia Beauty Brunch en Valencia<\/h2>\t\t\t\t<\/div>\n\t\t\t\t<\/div>\n\t\t\t\t<div class=\"elementor-element elementor-element-c3146c2 elementor-widget__width-initial elementor-widget-tablet__width-initial elementor-widget elementor-widget-text-editor\" data-id=\"c3146c2\" data-element_type=\"widget\" data-e-type=\"widget\" data-widget_type=\"text-editor.default\">\n\t\t\t\t<div class=\"elementor-widget-container\">\n\t\t\t\t\t\t\t\t\t<p>\u00bfTe gustar\u00eda aprender a maquillarte como una profesional y disfrutar de un delicioso almuerzo o merienda ( Beauty Brunch) con tus amigas? Entonces no te pierdas este curso de maquillaje que te ofrecemos. Aprender\u00e1s los trucos y t\u00e9cnicas para resaltar tu belleza natural, adaptar el maquillaje a tu tipo de rostro y ocasi\u00f3n, y elegir los productos adecuados para tu piel. Adem\u00e1s, podr\u00e1s degustar un almuerzo o merienda saludable y variado, con opciones vegetarianas y veganas. El curso de automaquillaje grupal con Almuerzo tiene una duraci\u00f3n de unas tres horas..<\/p>\t\t\t\t\t\t\t\t<\/div>\n\t\t\t\t<\/div>\n\t\t\t\t<div class=\"elementor-element elementor-element-ea63dd5 elementor-widget__width-initial elementor-widget elementor-widget-image\" data-id=\"ea63dd5\" data-element_type=\"widget\" data-e-type=\"widget\" data-widget_type=\"image.default\">\n\t\t\t\t<div class=\"elementor-widget-container\">\n\t\t\t\t\t\t\t\t\t\t\t\t\t\t\t<img fetchpriority=\"high\" decoding=\"async\" width=\"600\" height=\"325\" src=\"https:\/\/cristinagarciabeauty.es\/wp-content\/uploads\/2026\/03\/CRISTINA-BEAUTY-e1775040134456.png\" class=\"attachment-large size-large wp-image-81807\" alt=\"CRISTINA GARCIA BEAUTY-LOGO\" \/>\t\t\t\t\t\t\t\t\t\t\t\t\t\t\t<\/div>\n\t\t\t\t<\/div>\n\t\t\t\t<\/div>\n\t\t<div class=\"elementor-element elementor-element-5532f8b e-con-full e-flex e-con e-child\" data-id=\"5532f8b\" data-element_type=\"container\" data-e-type=\"container\">\n\t\t\t\t<div class=\"elementor-element elementor-element-db24464 elementor-widget-tablet__width-initial elementor-widget elementor-widget-heading\" data-id=\"db24464\" data-element_type=\"widget\" data-e-type=\"widget\" data-widget_type=\"heading.default\">\n\t\t\t\t<div class=\"elementor-widget-container\">\n\t\t\t\t\t<h3 class=\"elementor-heading-title elementor-size-default\">Cuestiones y preguntas<\/h3>\t\t\t\t<\/div>\n\t\t\t\t<\/div>\n\t\t\t\t<div class=\"elementor-element elementor-element-859e368 elementor-widget__width-initial elementor-widget-tablet__width-initial elementor-widget elementor-widget-eael-adv-accordion\" data-id=\"859e368\" data-element_type=\"widget\" data-e-type=\"widget\" data-widget_type=\"eael-adv-accordion.default\">\n\t\t\t\t<div class=\"elementor-widget-container\">\n\t\t\t\t\t            <div class=\"eael-adv-accordion\" id=\"eael-adv-accordion-859e368\" data-scroll-on-click=\"no\" data-scroll-speed=\"300\" data-accordion-id=\"859e368\" data-accordion-type=\"accordion\" data-toogle-speed=\"300\">\n            <div class=\"eael-accordion-list\">\n\t\t\t\t\t<div id=\"beauty-brunch\" class=\"elementor-tab-title eael-accordion-header\" tabindex=\"0\" data-tab=\"1\" aria-controls=\"elementor-tab-content-1401\"><span class=\"eael-advanced-accordion-icon-closed\"><svg aria-hidden=\"true\" class=\"fa-accordion-icon e-font-icon-svg e-fas-plus\" viewBox=\"0 0 448 512\" xmlns=\"http:\/\/www.w3.org\/2000\/svg\"><path d=\"M416 208H272V64c0-17.67-14.33-32-32-32h-32c-17.67 0-32 14.33-32 32v144H32c-17.67 0-32 14.33-32 32v32c0 17.67 14.33 32 32 32h144v144c0 17.67 14.33 32 32 32h32c17.67 0 32-14.33 32-32V304h144c17.67 0 32-14.33 32-32v-32c0-17.67-14.33-32-32-32z\"><\/path><\/svg><\/span><span class=\"eael-advanced-accordion-icon-opened\"><svg aria-hidden=\"true\" class=\"fa-accordion-icon e-font-icon-svg e-fas-minus\" viewBox=\"0 0 448 512\" xmlns=\"http:\/\/www.w3.org\/2000\/svg\"><path d=\"M416 208H32c-17.67 0-32 14.33-32 32v32c0 17.67 14.33 32 32 32h384c17.67 0 32-14.33 32-32v-32c0-17.67-14.33-32-32-32z\"><\/path><\/svg><\/span><span class=\"eael-accordion-tab-title\">Beauty Brunch..<\/span><svg aria-hidden=\"true\" class=\"fa-toggle e-font-icon-svg e-fas-angle-right\" viewBox=\"0 0 256 512\" xmlns=\"http:\/\/www.w3.org\/2000\/svg\"><path d=\"M224.3 273l-136 136c-9.4 9.4-24.6 9.4-33.9 0l-22.6-22.6c-9.4-9.4-9.4-24.6 0-33.9l96.4-96.4-96.4-96.4c-9.4-9.4-9.4-24.6 0-33.9L54.3 103c9.4-9.4 24.6-9.4 33.9 0l136 136c9.5 9.4 9.5 24.6.1 34z\"><\/path><\/svg><\/div><div id=\"elementor-tab-content-1401\" class=\"eael-accordion-content clearfix\" data-tab=\"1\" aria-labelledby=\"beauty-brunch\"><p>\u00bfTe gustar\u00eda aprender a maquillarte como una profesional y disfrutar de una comida deliciosa al mismo tiempo? Entonces no te pierdas este curso de automaquillaje con almuerzo o merienda que te ofrecemos. Aprender\u00e1s los trucos y t\u00e9cnicas para resaltar tu belleza natural, adaptar el maquillaje a tu tipo de rostro y ocasi\u00f3n, y elegir los productos y colores que m\u00e1s te favorecen. Adem\u00e1s, podr\u00e1s degustar un men\u00fa variado y saludable, con opciones para todos los gustos y necesidades. No lo dudes m\u00e1s y ap\u00fantate a este curso de automaquillaje con almuerzo, donde pasar\u00e1s un rato divertido y enriquecedor. \u00a1Te esperamos!<\/p><\/div>\n\t\t\t\t\t<\/div><div class=\"eael-accordion-list\">\n\t\t\t\t\t<div id=\"duracin-del-curso\" class=\"elementor-tab-title eael-accordion-header\" tabindex=\"0\" data-tab=\"2\" aria-controls=\"elementor-tab-content-1402\"><span class=\"eael-advanced-accordion-icon-closed\"><svg aria-hidden=\"true\" class=\"fa-accordion-icon e-font-icon-svg e-fas-plus\" viewBox=\"0 0 448 512\" xmlns=\"http:\/\/www.w3.org\/2000\/svg\"><path d=\"M416 208H272V64c0-17.67-14.33-32-32-32h-32c-17.67 0-32 14.33-32 32v144H32c-17.67 0-32 14.33-32 32v32c0 17.67 14.33 32 32 32h144v144c0 17.67 14.33 32 32 32h32c17.67 0 32-14.33 32-32V304h144c17.67 0 32-14.33 32-32v-32c0-17.67-14.33-32-32-32z\"><\/path><\/svg><\/span><span class=\"eael-advanced-accordion-icon-opened\"><svg aria-hidden=\"true\" class=\"fa-accordion-icon e-font-icon-svg e-fas-minus\" viewBox=\"0 0 448 512\" xmlns=\"http:\/\/www.w3.org\/2000\/svg\"><path d=\"M416 208H32c-17.67 0-32 14.33-32 32v32c0 17.67 14.33 32 32 32h384c17.67 0 32-14.33 32-32v-32c0-17.67-14.33-32-32-32z\"><\/path><\/svg><\/span><span class=\"eael-accordion-tab-title\">Duraci\u00f3n del curso<\/span><svg aria-hidden=\"true\" class=\"fa-toggle e-font-icon-svg e-fas-angle-right\" viewBox=\"0 0 256 512\" xmlns=\"http:\/\/www.w3.org\/2000\/svg\"><path d=\"M224.3 273l-136 136c-9.4 9.4-24.6 9.4-33.9 0l-22.6-22.6c-9.4-9.4-9.4-24.6 0-33.9l96.4-96.4-96.4-96.4c-9.4-9.4-9.4-24.6 0-33.9L54.3 103c9.4-9.4 24.6-9.4 33.9 0l136 136c9.5 9.4 9.5 24.6.1 34z\"><\/path><\/svg><\/div><div id=\"elementor-tab-content-1402\" class=\"eael-accordion-content clearfix\" data-tab=\"2\" aria-labelledby=\"duracin-del-curso\"><p>Aproximadamente unas 2.5 horas.<\/p><\/div>\n\t\t\t\t\t<\/div><div class=\"eael-accordion-list\">\n\t\t\t\t\t<div id=\"que-incluye-el-curso\" class=\"elementor-tab-title eael-accordion-header\" tabindex=\"0\" data-tab=\"3\" aria-controls=\"elementor-tab-content-1403\"><span class=\"eael-advanced-accordion-icon-closed\"><svg aria-hidden=\"true\" class=\"fa-accordion-icon e-font-icon-svg e-fas-plus\" viewBox=\"0 0 448 512\" xmlns=\"http:\/\/www.w3.org\/2000\/svg\"><path d=\"M416 208H272V64c0-17.67-14.33-32-32-32h-32c-17.67 0-32 14.33-32 32v144H32c-17.67 0-32 14.33-32 32v32c0 17.67 14.33 32 32 32h144v144c0 17.67 14.33 32 32 32h32c17.67 0 32-14.33 32-32V304h144c17.67 0 32-14.33 32-32v-32c0-17.67-14.33-32-32-32z\"><\/path><\/svg><\/span><span class=\"eael-advanced-accordion-icon-opened\"><svg aria-hidden=\"true\" class=\"fa-accordion-icon e-font-icon-svg e-fas-minus\" viewBox=\"0 0 448 512\" xmlns=\"http:\/\/www.w3.org\/2000\/svg\"><path d=\"M416 208H32c-17.67 0-32 14.33-32 32v32c0 17.67 14.33 32 32 32h384c17.67 0 32-14.33 32-32v-32c0-17.67-14.33-32-32-32z\"><\/path><\/svg><\/span><span class=\"eael-accordion-tab-title\">\u00bfQue incluye el curso?<\/span><svg aria-hidden=\"true\" class=\"fa-toggle e-font-icon-svg e-fas-angle-right\" viewBox=\"0 0 256 512\" xmlns=\"http:\/\/www.w3.org\/2000\/svg\"><path d=\"M224.3 273l-136 136c-9.4 9.4-24.6 9.4-33.9 0l-22.6-22.6c-9.4-9.4-9.4-24.6 0-33.9l96.4-96.4-96.4-96.4c-9.4-9.4-9.4-24.6 0-33.9L54.3 103c9.4-9.4 24.6-9.4 33.9 0l136 136c9.5 9.4 9.5 24.6.1 34z\"><\/path><\/svg><\/div><div id=\"elementor-tab-content-1403\" class=\"eael-accordion-content clearfix\" data-tab=\"3\" aria-labelledby=\"que-incluye-el-curso\"><ul><li>Incluye desayuno o merienda, materiales y productos para el automaquillaje.<\/li><li>Todo esta incluido en el preci\u00f3, nosotros ponemos los pinceles y materiales y la comida.<\/li><\/ul><\/div>\n\t\t\t\t\t<\/div><div class=\"eael-accordion-list\">\n\t\t\t\t\t<div id=\"precio-y-forma-de-pago\" class=\"elementor-tab-title eael-accordion-header\" tabindex=\"0\" data-tab=\"4\" aria-controls=\"elementor-tab-content-1404\"><span class=\"eael-advanced-accordion-icon-closed\"><svg aria-hidden=\"true\" class=\"fa-accordion-icon e-font-icon-svg e-fas-plus\" viewBox=\"0 0 448 512\" xmlns=\"http:\/\/www.w3.org\/2000\/svg\"><path d=\"M416 208H272V64c0-17.67-14.33-32-32-32h-32c-17.67 0-32 14.33-32 32v144H32c-17.67 0-32 14.33-32 32v32c0 17.67 14.33 32 32 32h144v144c0 17.67 14.33 32 32 32h32c17.67 0 32-14.33 32-32V304h144c17.67 0 32-14.33 32-32v-32c0-17.67-14.33-32-32-32z\"><\/path><\/svg><\/span><span class=\"eael-advanced-accordion-icon-opened\"><svg aria-hidden=\"true\" class=\"fa-accordion-icon e-font-icon-svg e-fas-minus\" viewBox=\"0 0 448 512\" xmlns=\"http:\/\/www.w3.org\/2000\/svg\"><path d=\"M416 208H32c-17.67 0-32 14.33-32 32v32c0 17.67 14.33 32 32 32h384c17.67 0 32-14.33 32-32v-32c0-17.67-14.33-32-32-32z\"><\/path><\/svg><\/span><span class=\"eael-accordion-tab-title\">Precio y forma de pago<\/span><svg aria-hidden=\"true\" class=\"fa-toggle e-font-icon-svg e-fas-angle-right\" viewBox=\"0 0 256 512\" xmlns=\"http:\/\/www.w3.org\/2000\/svg\"><path d=\"M224.3 273l-136 136c-9.4 9.4-24.6 9.4-33.9 0l-22.6-22.6c-9.4-9.4-9.4-24.6 0-33.9l96.4-96.4-96.4-96.4c-9.4-9.4-9.4-24.6 0-33.9L54.3 103c9.4-9.4 24.6-9.4 33.9 0l136 136c9.5 9.4 9.5 24.6.1 34z\"><\/path><\/svg><\/div><div id=\"elementor-tab-content-1404\" class=\"eael-accordion-content clearfix\" data-tab=\"4\" aria-labelledby=\"precio-y-forma-de-pago\"><p>PRECIO: 70\u20ac POR PERSONA<\/p><p>Se abona al realizar la reserva del curso.<\/p><\/div>\n\t\t\t\t\t<\/div><\/div>\t\t\t\t<\/div>\n\t\t\t\t<\/div>\n\t\t\t\t<div class=\"elementor-element elementor-element-4427e52 elementor-align-justify elementor-widget__width-initial elementor-widget-tablet_extra__width-initial elementor-widget-tablet__width-initial elementor-mobile-align-justify elementor-widget elementor-widget-button\" data-id=\"4427e52\" data-element_type=\"widget\" data-e-type=\"widget\" data-widget_type=\"button.default\">\n\t\t\t\t<div class=\"elementor-widget-container\">\n\t\t\t\t\t\t\t\t\t<div class=\"elementor-button-wrapper\">\n\t\t\t\t\t<a class=\"elementor-button elementor-button-link elementor-size-xs\" href=\"https:\/\/tiendaonline.glossmakeupschool.com\/tienda\/sin-categoria\/beauty-brunch-clase-de-automaquillaje-con-merienda-o-almuerzo\/\">\n\t\t\t\t\t\t<span class=\"elementor-button-content-wrapper\">\n\t\t\t\t\t\t\t\t\t<span class=\"elementor-button-text\">RESERVAR CURSO <\/span>\n\t\t\t\t\t<\/span>\n\t\t\t\t\t<\/a>\n\t\t\t\t<\/div>\n\t\t\t\t\t\t\t\t<\/div>\n\t\t\t\t<\/div>\n\t\t\t\t<div class=\"elementor-element elementor-element-ac66a43 elementor-widget__width-initial elementor-widget elementor-widget-image\" data-id=\"ac66a43\" data-element_type=\"widget\" data-e-type=\"widget\" data-widget_type=\"image.default\">\n\t\t\t\t<div class=\"elementor-widget-container\">\n\t\t\t\t\t\t\t\t\t\t\t\t\t\t\t<img decoding=\"async\" src=\"https:\/\/www.glossmakeupschool.com\/wp-content\/uploads\/2024\/06\/logo-512.png\" title=\"\" alt=\"Cristina Garcia BEAUTY\" loading=\"lazy\" \/>\t\t\t\t\t\t\t\t\t\t\t\t\t\t\t<\/div>\n\t\t\t\t<\/div>\n\t\t\t\t<\/div>\n\t\t\t\t\t<\/div>\n\t\t\t\t<\/div>\n\t\t\t\t<\/div>\n\t\t","protected":false},"excerpt":{"rendered":"<p>Clase de automaquillaje grupal con almuerzo, celebra tus eventos con tus amigas en un ambiente relajado.<\/p>\n","protected":false},"author":2,"featured_media":81342,"parent":0,"menu_order":4,"comment_status":"closed","ping_status":"closed","template":"","meta":{"footnotes":""},"class_list":["post-46311","page","type-page","status-publish","has-post-thumbnail","hentry"],"yoast_head":"<!-- This site is optimized with the Yoast SEO plugin v27.4 - https:\/\/yoast.com\/product\/yoast-seo-wordpress\/ -->\n<title>Beauty Brunch Automaquillaje<\/title>\n<meta name=\"description\" content=\"Beauty Brunch con taller de automaquillaje: diversi\u00f3n belleza y picoteo para despedidas de solteras, cumplea\u00f1os y grupos en Valencia.\" \/>\n<meta name=\"robots\" content=\"index, follow, max-snippet:-1, max-image-preview:large, max-video-preview:-1\" \/>\n<link rel=\"canonical\" href=\"https:\/\/cristinagarciabeauty.es\/index.php\/brunch-beauty-automaquillaje\/\" \/>\n<meta property=\"og:locale\" content=\"es_ES\" \/>\n<meta property=\"og:type\" content=\"article\" \/>\n<meta property=\"og:title\" content=\"BEAUTY BRUNCH AUTOMAQUILLAJE\" \/>\n<meta property=\"og:description\" content=\"Si quieres celebrar un evento, cumplea\u00f1os o despedida con tus amig@s y quieres pasar una ma\u00f1ana o tarde muy divertida aprendiendo a maquillarse.\" \/>\n<meta property=\"og:url\" content=\"https:\/\/cristinagarciabeauty.es\/index.php\/brunch-beauty-automaquillaje\/\" \/>\n<meta property=\"og:site_name\" content=\"Cristina Garc\u00eda BEAUTY STUDIO\" \/>\n<meta property=\"article:modified_time\" content=\"2026-04-20T11:20:49+00:00\" \/>\n<meta property=\"og:image\" content=\"https:\/\/cristinagarciabeauty.es\/wp-content\/uploads\/2022\/08\/AUTOMAQUILLAJE-GRUPOS3.jpg\" \/>\n\t<meta property=\"og:image:width\" content=\"574\" \/>\n\t<meta property=\"og:image:height\" content=\"600\" \/>\n\t<meta property=\"og:image:type\" content=\"image\/jpeg\" \/>\n<meta name=\"twitter:card\" content=\"summary_large_image\" \/>\n<meta name=\"twitter:label1\" content=\"Tiempo de lectura\" \/>\n\t<meta name=\"twitter:data1\" content=\"2 minutos\" \/>\n<script type=\"application\/ld+json\" class=\"yoast-schema-graph\">{\"@context\":\"https:\\\/\\\/schema.org\",\"@graph\":[{\"@type\":\"WebPage\",\"@id\":\"https:\\\/\\\/cristinagarciabeauty.es\\\/index.php\\\/brunch-beauty-automaquillaje\\\/\",\"url\":\"https:\\\/\\\/cristinagarciabeauty.es\\\/index.php\\\/brunch-beauty-automaquillaje\\\/\",\"name\":\"Beauty Brunch Automaquillaje\",\"isPartOf\":{\"@id\":\"https:\\\/\\\/cristinagarciabeauty.es\\\/#website\"},\"primaryImageOfPage\":{\"@id\":\"https:\\\/\\\/cristinagarciabeauty.es\\\/index.php\\\/brunch-beauty-automaquillaje\\\/#primaryimage\"},\"image\":{\"@id\":\"https:\\\/\\\/cristinagarciabeauty.es\\\/index.php\\\/brunch-beauty-automaquillaje\\\/#primaryimage\"},\"thumbnailUrl\":\"https:\\\/\\\/cristinagarciabeauty.es\\\/wp-content\\\/uploads\\\/2026\\\/03\\\/beautybrunch2-e1775040241744.png\",\"datePublished\":\"2020-09-25T12:02:28+00:00\",\"dateModified\":\"2026-04-20T11:20:49+00:00\",\"description\":\"Beauty Brunch con taller de automaquillaje: diversi\u00f3n belleza y picoteo para despedidas de solteras, cumplea\u00f1os y grupos en Valencia.\",\"breadcrumb\":{\"@id\":\"https:\\\/\\\/cristinagarciabeauty.es\\\/index.php\\\/brunch-beauty-automaquillaje\\\/#breadcrumb\"},\"inLanguage\":\"es\",\"potentialAction\":[{\"@type\":\"ReadAction\",\"target\":[\"https:\\\/\\\/cristinagarciabeauty.es\\\/index.php\\\/brunch-beauty-automaquillaje\\\/\"]}]},{\"@type\":\"ImageObject\",\"inLanguage\":\"es\",\"@id\":\"https:\\\/\\\/cristinagarciabeauty.es\\\/index.php\\\/brunch-beauty-automaquillaje\\\/#primaryimage\",\"url\":\"https:\\\/\\\/cristinagarciabeauty.es\\\/wp-content\\\/uploads\\\/2026\\\/03\\\/beautybrunch2-e1775040241744.png\",\"contentUrl\":\"https:\\\/\\\/cristinagarciabeauty.es\\\/wp-content\\\/uploads\\\/2026\\\/03\\\/beautybrunch2-e1775040241744.png\",\"width\":600,\"height\":900,\"caption\":\"Curso de Automaquillaje con Beauty Brunch de Cristina Garcia Beauty\"},{\"@type\":\"BreadcrumbList\",\"@id\":\"https:\\\/\\\/cristinagarciabeauty.es\\\/index.php\\\/brunch-beauty-automaquillaje\\\/#breadcrumb\",\"itemListElement\":[{\"@type\":\"ListItem\",\"position\":1,\"name\":\"Portada\",\"item\":\"https:\\\/\\\/cristinagarciabeauty.es\\\/\"},{\"@type\":\"ListItem\",\"position\":2,\"name\":\"Clase de automaquillaje grupal con Almuerzo\"}]},{\"@type\":\"WebSite\",\"@id\":\"https:\\\/\\\/cristinagarciabeauty.es\\\/#website\",\"url\":\"https:\\\/\\\/cristinagarciabeauty.es\\\/\",\"name\":\"Cristina Garc\u00eda BEAUTY STUDIO\",\"description\":\"Maquillaje Profesional en Valencia, Maquillaje y peinados de novias e invitadas, Micropigmentaci\u00f3n de cejas labios y eye liner en Valencia\",\"publisher\":{\"@id\":\"https:\\\/\\\/cristinagarciabeauty.es\\\/#\\\/schema\\\/person\\\/fa15d7a15b93f1a0409ec4f3608432c8\"},\"alternateName\":\"Cristina Garcia BEAUTY\",\"potentialAction\":[{\"@type\":\"SearchAction\",\"target\":{\"@type\":\"EntryPoint\",\"urlTemplate\":\"https:\\\/\\\/cristinagarciabeauty.es\\\/?s={search_term_string}\"},\"query-input\":{\"@type\":\"PropertyValueSpecification\",\"valueRequired\":true,\"valueName\":\"search_term_string\"}}],\"inLanguage\":\"es\"},{\"@type\":[\"Person\",\"Organization\"],\"@id\":\"https:\\\/\\\/cristinagarciabeauty.es\\\/#\\\/schema\\\/person\\\/fa15d7a15b93f1a0409ec4f3608432c8\",\"name\":\"admin\",\"image\":{\"@type\":\"ImageObject\",\"inLanguage\":\"es\",\"@id\":\"https:\\\/\\\/cristinagarciabeauty.es\\\/wp-content\\\/uploads\\\/2024\\\/01\\\/cropped-LOGO-CRIS-BEAUTY-MICRO-e1705351270214.png\",\"url\":\"https:\\\/\\\/cristinagarciabeauty.es\\\/wp-content\\\/uploads\\\/2024\\\/01\\\/cropped-LOGO-CRIS-BEAUTY-MICRO-e1705351270214.png\",\"contentUrl\":\"https:\\\/\\\/cristinagarciabeauty.es\\\/wp-content\\\/uploads\\\/2024\\\/01\\\/cropped-LOGO-CRIS-BEAUTY-MICRO-e1705351270214.png\",\"width\":352,\"height\":253,\"caption\":\"admin\"},\"logo\":{\"@id\":\"https:\\\/\\\/cristinagarciabeauty.es\\\/wp-content\\\/uploads\\\/2024\\\/01\\\/cropped-LOGO-CRIS-BEAUTY-MICRO-e1705351270214.png\"},\"sameAs\":[\"http:\\\/\\\/cristinagarciabeauty.es\"]}]}<\/script>\n<!-- \/ Yoast SEO plugin. -->","yoast_head_json":{"title":"Beauty Brunch Automaquillaje","description":"Beauty Brunch con taller de automaquillaje: diversi\u00f3n belleza y picoteo para despedidas de solteras, cumplea\u00f1os y grupos en Valencia.","robots":{"index":"index","follow":"follow","max-snippet":"max-snippet:-1","max-image-preview":"max-image-preview:large","max-video-preview":"max-video-preview:-1"},"canonical":"https:\/\/cristinagarciabeauty.es\/index.php\/brunch-beauty-automaquillaje\/","og_locale":"es_ES","og_type":"article","og_title":"BEAUTY BRUNCH AUTOMAQUILLAJE","og_description":"Si quieres celebrar un evento, cumplea\u00f1os o despedida con tus amig@s y quieres pasar una ma\u00f1ana o tarde muy divertida aprendiendo a maquillarse.","og_url":"https:\/\/cristinagarciabeauty.es\/index.php\/brunch-beauty-automaquillaje\/","og_site_name":"Cristina Garc\u00eda BEAUTY STUDIO","article_modified_time":"2026-04-20T11:20:49+00:00","og_image":[{"width":574,"height":600,"url":"https:\/\/cristinagarciabeauty.es\/wp-content\/uploads\/2022\/08\/AUTOMAQUILLAJE-GRUPOS3.jpg","type":"image\/jpeg"}],"twitter_card":"summary_large_image","twitter_misc":{"Tiempo de lectura":"2 minutos"},"schema":{"@context":"https:\/\/schema.org","@graph":[{"@type":"WebPage","@id":"https:\/\/cristinagarciabeauty.es\/index.php\/brunch-beauty-automaquillaje\/","url":"https:\/\/cristinagarciabeauty.es\/index.php\/brunch-beauty-automaquillaje\/","name":"Beauty Brunch Automaquillaje","isPartOf":{"@id":"https:\/\/cristinagarciabeauty.es\/#website"},"primaryImageOfPage":{"@id":"https:\/\/cristinagarciabeauty.es\/index.php\/brunch-beauty-automaquillaje\/#primaryimage"},"image":{"@id":"https:\/\/cristinagarciabeauty.es\/index.php\/brunch-beauty-automaquillaje\/#primaryimage"},"thumbnailUrl":"https:\/\/cristinagarciabeauty.es\/wp-content\/uploads\/2026\/03\/beautybrunch2-e1775040241744.png","datePublished":"2020-09-25T12:02:28+00:00","dateModified":"2026-04-20T11:20:49+00:00","description":"Beauty Brunch con taller de automaquillaje: diversi\u00f3n belleza y picoteo para despedidas de solteras, cumplea\u00f1os y grupos en Valencia.","breadcrumb":{"@id":"https:\/\/cristinagarciabeauty.es\/index.php\/brunch-beauty-automaquillaje\/#breadcrumb"},"inLanguage":"es","potentialAction":[{"@type":"ReadAction","target":["https:\/\/cristinagarciabeauty.es\/index.php\/brunch-beauty-automaquillaje\/"]}]},{"@type":"ImageObject","inLanguage":"es","@id":"https:\/\/cristinagarciabeauty.es\/index.php\/brunch-beauty-automaquillaje\/#primaryimage","url":"https:\/\/cristinagarciabeauty.es\/wp-content\/uploads\/2026\/03\/beautybrunch2-e1775040241744.png","contentUrl":"https:\/\/cristinagarciabeauty.es\/wp-content\/uploads\/2026\/03\/beautybrunch2-e1775040241744.png","width":600,"height":900,"caption":"Curso de Automaquillaje con Beauty Brunch de Cristina Garcia Beauty"},{"@type":"BreadcrumbList","@id":"https:\/\/cristinagarciabeauty.es\/index.php\/brunch-beauty-automaquillaje\/#breadcrumb","itemListElement":[{"@type":"ListItem","position":1,"name":"Portada","item":"https:\/\/cristinagarciabeauty.es\/"},{"@type":"ListItem","position":2,"name":"Clase de automaquillaje grupal con Almuerzo"}]},{"@type":"WebSite","@id":"https:\/\/cristinagarciabeauty.es\/#website","url":"https:\/\/cristinagarciabeauty.es\/","name":"Cristina Garc\u00eda BEAUTY STUDIO","description":"Maquillaje Profesional en Valencia, Maquillaje y peinados de novias e invitadas, Micropigmentaci\u00f3n de cejas labios y eye liner en Valencia","publisher":{"@id":"https:\/\/cristinagarciabeauty.es\/#\/schema\/person\/fa15d7a15b93f1a0409ec4f3608432c8"},"alternateName":"Cristina Garcia BEAUTY","potentialAction":[{"@type":"SearchAction","target":{"@type":"EntryPoint","urlTemplate":"https:\/\/cristinagarciabeauty.es\/?s={search_term_string}"},"query-input":{"@type":"PropertyValueSpecification","valueRequired":true,"valueName":"search_term_string"}}],"inLanguage":"es"},{"@type":["Person","Organization"],"@id":"https:\/\/cristinagarciabeauty.es\/#\/schema\/person\/fa15d7a15b93f1a0409ec4f3608432c8","name":"admin","image":{"@type":"ImageObject","inLanguage":"es","@id":"https:\/\/cristinagarciabeauty.es\/wp-content\/uploads\/2024\/01\/cropped-LOGO-CRIS-BEAUTY-MICRO-e1705351270214.png","url":"https:\/\/cristinagarciabeauty.es\/wp-content\/uploads\/2024\/01\/cropped-LOGO-CRIS-BEAUTY-MICRO-e1705351270214.png","contentUrl":"https:\/\/cristinagarciabeauty.es\/wp-content\/uploads\/2024\/01\/cropped-LOGO-CRIS-BEAUTY-MICRO-e1705351270214.png","width":352,"height":253,"caption":"admin"},"logo":{"@id":"https:\/\/cristinagarciabeauty.es\/wp-content\/uploads\/2024\/01\/cropped-LOGO-CRIS-BEAUTY-MICRO-e1705351270214.png"},"sameAs":["http:\/\/cristinagarciabeauty.es"]}]}},"_links":{"self":[{"href":"https:\/\/cristinagarciabeauty.es\/index.php\/wp-json\/wp\/v2\/pages\/46311","targetHints":{"allow":["GET"]}}],"collection":[{"href":"https:\/\/cristinagarciabeauty.es\/index.php\/wp-json\/wp\/v2\/pages"}],"about":[{"href":"https:\/\/cristinagarciabeauty.es\/index.php\/wp-json\/wp\/v2\/types\/page"}],"author":[{"embeddable":true,"href":"https:\/\/cristinagarciabeauty.es\/index.php\/wp-json\/wp\/v2\/users\/2"}],"replies":[{"embeddable":true,"href":"https:\/\/cristinagarciabeauty.es\/index.php\/wp-json\/wp\/v2\/comments?post=46311"}],"version-history":[{"count":9,"href":"https:\/\/cristinagarciabeauty.es\/index.php\/wp-json\/wp\/v2\/pages\/46311\/revisions"}],"predecessor-version":[{"id":84002,"href":"https:\/\/cristinagarciabeauty.es\/index.php\/wp-json\/wp\/v2\/pages\/46311\/revisions\/84002"}],"wp:featuredmedia":[{"embeddable":true,"href":"https:\/\/cristinagarciabeauty.es\/index.php\/wp-json\/wp\/v2\/media\/81342"}],"wp:attachment":[{"href":"https:\/\/cristinagarciabeauty.es\/index.php\/wp-json\/wp\/v2\/media?parent=46311"}],"curies":[{"name":"wp","href":"https:\/\/api.w.org\/{rel}","templated":true}]}}