{"id":45025,"date":"2020-08-01T01:58:21","date_gmt":"2020-07-31T23:58:21","guid":{"rendered":"https:\/\/www.glossmakeupschool.com\/?page_id=45025"},"modified":"2026-04-20T11:19:06","modified_gmt":"2026-04-20T11:19:06","slug":"maquillajes-y-peluqueria-para-eventos","status":"publish","type":"page","link":"https:\/\/cristinagarciabeauty.es\/index.php\/maquillajes-y-peluqueria-para-eventos\/","title":{"rendered":"Maquillaje y Peinados para eventos"},"content":{"rendered":"\t\t<div data-elementor-type=\"wp-page\" data-elementor-id=\"45025\" class=\"elementor elementor-45025\">\n\t\t\t\t<div class=\"elementor-element elementor-element-06e666e e-flex e-con-boxed e-con e-parent\" data-id=\"06e666e\" data-element_type=\"container\" data-e-type=\"container\" data-settings=\"{&quot;background_background&quot;:&quot;classic&quot;}\">\n\t\t\t\t\t<div class=\"e-con-inner\">\n\t\t<div class=\"elementor-element elementor-element-ba19af9 e-con-full e-flex e-con e-child\" data-id=\"ba19af9\" data-element_type=\"container\" data-e-type=\"container\" data-settings=\"{&quot;background_background&quot;:&quot;classic&quot;}\">\n\t\t\t\t<\/div>\n\t\t<div class=\"elementor-element elementor-element-094f1b6 e-con-full e-flex e-con e-child\" data-id=\"094f1b6\" data-element_type=\"container\" data-e-type=\"container\">\n\t\t\t\t<div class=\"elementor-element elementor-element-f657f7c elementor-widget__width-initial elementor-widget-tablet_extra__width-initial elementor-widget elementor-widget-heading\" data-id=\"f657f7c\" data-element_type=\"widget\" data-e-type=\"widget\" data-widget_type=\"heading.default\">\n\t\t\t\t<div class=\"elementor-widget-container\">\n\t\t\t\t\t<h1 class=\"elementor-heading-title elementor-size-default\">Maquillaje y Peinados para Eventos<\/h1>\t\t\t\t<\/div>\n\t\t\t\t<\/div>\n\t\t\t\t<div class=\"elementor-element elementor-element-e6a3a11 elementor-widget-tablet__width-initial elementor-widget-tablet_extra__width-initial elementor-widget__width-initial elementor-widget elementor-widget-heading\" data-id=\"e6a3a11\" data-element_type=\"widget\" data-e-type=\"widget\" data-widget_type=\"heading.default\">\n\t\t\t\t<div class=\"elementor-widget-container\">\n\t\t\t\t\t<h2 class=\"elementor-heading-title elementor-size-default\">Tienes un evento especial y quieres verte espectacular?<\/h2>\t\t\t\t<\/div>\n\t\t\t\t<\/div>\n\t\t\t\t<div class=\"elementor-element elementor-element-3ea6452 elementor-widget__width-initial elementor-widget elementor-widget-text-editor\" data-id=\"3ea6452\" data-element_type=\"widget\" data-e-type=\"widget\" data-widget_type=\"text-editor.default\">\n\t\t\t\t<div class=\"elementor-widget-container\">\n\t\t\t\t\t\t\t\t\t<p>Te Ofrezco servicios profesionales de Maquillaje y peinados, tanto en tu domicilio como en mi estudio en Valencia. Ya sea para graduaciones, bautizos, comuniones o cualquier celebraci\u00f3n, te ayudar\u00e9 a realzar tu estilo con un toque de elegancia y profesionalismo.<\/p>\t\t\t\t\t\t\t\t<\/div>\n\t\t\t\t<\/div>\n\t\t\t\t<div class=\"elementor-element elementor-element-d694551 elementor-widget__width-initial elementor-widget elementor-widget-heading\" data-id=\"d694551\" data-element_type=\"widget\" data-e-type=\"widget\" data-widget_type=\"heading.default\">\n\t\t\t\t<div class=\"elementor-widget-container\">\n\t\t\t\t\t<h2 class=\"elementor-heading-title elementor-size-default\">Invitada Perfecta: Estilismos elegantes para bodas y galas<\/h2>\t\t\t\t<\/div>\n\t\t\t\t<\/div>\n\t\t\t\t<div class=\"elementor-element elementor-element-d8a098a elementor-widget__width-initial elementor-widget elementor-widget-image\" data-id=\"d8a098a\" data-element_type=\"widget\" data-e-type=\"widget\" data-widget_type=\"image.default\">\n\t\t\t\t<div class=\"elementor-widget-container\">\n\t\t\t\t\t\t\t\t\t\t\t\t\t\t\t\t<a href=\"https:\/\/cristinagarciabeauty.es\/\">\n\t\t\t\t\t\t\t<img fetchpriority=\"high\" decoding=\"async\" width=\"600\" height=\"325\" src=\"https:\/\/cristinagarciabeauty.es\/wp-content\/uploads\/2026\/03\/CRISTINA-BEAUTY-e1775040134456.png\" class=\"attachment-large size-large wp-image-81807\" alt=\"CRISTINA GARCIA BEAUTY-LOGO\" \/>\t\t\t\t\t\t\t\t<\/a>\n\t\t\t\t\t\t\t\t\t\t\t\t\t\t\t<\/div>\n\t\t\t\t<\/div>\n\t\t\t\t<\/div>\n\t\t<div class=\"elementor-element elementor-element-fc84bbf e-con-full e-flex e-con e-child\" data-id=\"fc84bbf\" data-element_type=\"container\" data-e-type=\"container\" data-settings=\"{&quot;background_background&quot;:&quot;classic&quot;}\">\n\t\t\t\t<div class=\"elementor-element elementor-element-835c3f6 elementor-widget-mobile__width-initial elementor-widget elementor-widget-heading\" data-id=\"835c3f6\" data-element_type=\"widget\" data-e-type=\"widget\" data-widget_type=\"heading.default\">\n\t\t\t\t<div class=\"elementor-widget-container\">\n\t\t\t\t\t<h3 class=\"elementor-heading-title elementor-size-default\">Cuestiones y preguntas...<\/h3>\t\t\t\t<\/div>\n\t\t\t\t<\/div>\n\t\t\t\t<div class=\"elementor-element elementor-element-8802c47 elementor-widget__width-initial elementor-widget elementor-widget-eael-adv-accordion\" data-id=\"8802c47\" data-element_type=\"widget\" data-e-type=\"widget\" data-widget_type=\"eael-adv-accordion.default\">\n\t\t\t\t<div class=\"elementor-widget-container\">\n\t\t\t\t\t            <div class=\"eael-adv-accordion\" id=\"eael-adv-accordion-8802c47\" data-scroll-on-click=\"no\" data-scroll-speed=\"300\" data-accordion-id=\"8802c47\" data-accordion-type=\"accordion\" data-toogle-speed=\"300\">\n            <div class=\"eael-accordion-list\">\n\t\t\t\t\t<div id=\"maquillaje-y-peluquera-en-el-estudio\" class=\"elementor-tab-title eael-accordion-header\" tabindex=\"0\" data-tab=\"1\" aria-controls=\"elementor-tab-content-1421\"><span class=\"eael-advanced-accordion-icon-closed\"><svg aria-hidden=\"true\" class=\"fa-accordion-icon e-font-icon-svg e-fas-plus\" viewBox=\"0 0 448 512\" xmlns=\"http:\/\/www.w3.org\/2000\/svg\"><path d=\"M416 208H272V64c0-17.67-14.33-32-32-32h-32c-17.67 0-32 14.33-32 32v144H32c-17.67 0-32 14.33-32 32v32c0 17.67 14.33 32 32 32h144v144c0 17.67 14.33 32 32 32h32c17.67 0 32-14.33 32-32V304h144c17.67 0 32-14.33 32-32v-32c0-17.67-14.33-32-32-32z\"><\/path><\/svg><\/span><span class=\"eael-advanced-accordion-icon-opened\"><svg aria-hidden=\"true\" class=\"fa-accordion-icon e-font-icon-svg e-fas-minus\" viewBox=\"0 0 448 512\" xmlns=\"http:\/\/www.w3.org\/2000\/svg\"><path d=\"M416 208H32c-17.67 0-32 14.33-32 32v32c0 17.67 14.33 32 32 32h384c17.67 0 32-14.33 32-32v-32c0-17.67-14.33-32-32-32z\"><\/path><\/svg><\/span><span class=\"eael-accordion-tab-title\">Maquillaje y Peluquer\u00eda en el Estudio<\/span><svg aria-hidden=\"true\" class=\"fa-toggle e-font-icon-svg e-fas-angle-right\" viewBox=\"0 0 256 512\" xmlns=\"http:\/\/www.w3.org\/2000\/svg\"><path d=\"M224.3 273l-136 136c-9.4 9.4-24.6 9.4-33.9 0l-22.6-22.6c-9.4-9.4-9.4-24.6 0-33.9l96.4-96.4-96.4-96.4c-9.4-9.4-9.4-24.6 0-33.9L54.3 103c9.4-9.4 24.6-9.4 33.9 0l136 136c9.5 9.4 9.5 24.6.1 34z\"><\/path><\/svg><\/div><div id=\"elementor-tab-content-1421\" class=\"eael-accordion-content clearfix\" data-tab=\"1\" aria-labelledby=\"maquillaje-y-peluquera-en-el-estudio\"><p><strong>PRECIOS 2026\/27<\/strong><\/p><p><strong>MAQUILLAJE EN STUDIO<\/strong><\/p><ul><li>Maquillaje Profesional + pesta\u00f1as\u00a0<strong>55\u20ac<\/strong>.<\/li><li>Maquillaje Profesional con Aer\u00f3grafo + pesta\u00f1as<strong> 75\u20ac<\/strong>.<\/li><li>Pack de invitada ( incluye Maquillaje con base convencional y Peluquer\u00eda) <strong>90\u20ac<\/strong>.<\/li><\/ul><p>\u00a0<\/p><p><strong>PELUQUER\u00cdA EN STUDIO<\/strong><\/p><ul><li>Marcado (incluye plancha) <strong>40\u20ac<\/strong>.<\/li><li>Ondas Hollywood <strong>50\u20ac.<\/strong><\/li><li>Recogido\/semi recogido\u00a0<strong>50\u20ac<\/strong>.<\/li><\/ul><p>\u00a0<\/p><p><span style=\"font-size: 10px\"><strong><em>*Horario con cita previa.<br \/>Al no disponer de lavacabezas, la clienta deber\u00e1 acudir con el pelo limpio y seco al aire. <\/em><\/strong><\/span><strong style=\"font-size: 10px\"><em>No se deben utilizar herramientas de calor (cepillo, plancha, etc.) antes del servicio.<\/em><\/strong><\/p><\/div>\n\t\t\t\t\t<\/div><div class=\"eael-accordion-list\">\n\t\t\t\t\t<div id=\"maquillaje-y-peluquera-a-domicilio\" class=\"elementor-tab-title eael-accordion-header\" tabindex=\"0\" data-tab=\"2\" aria-controls=\"elementor-tab-content-1422\"><span class=\"eael-advanced-accordion-icon-closed\"><svg aria-hidden=\"true\" class=\"fa-accordion-icon e-font-icon-svg e-fas-plus\" viewBox=\"0 0 448 512\" xmlns=\"http:\/\/www.w3.org\/2000\/svg\"><path d=\"M416 208H272V64c0-17.67-14.33-32-32-32h-32c-17.67 0-32 14.33-32 32v144H32c-17.67 0-32 14.33-32 32v32c0 17.67 14.33 32 32 32h144v144c0 17.67 14.33 32 32 32h32c17.67 0 32-14.33 32-32V304h144c17.67 0 32-14.33 32-32v-32c0-17.67-14.33-32-32-32z\"><\/path><\/svg><\/span><span class=\"eael-advanced-accordion-icon-opened\"><svg aria-hidden=\"true\" class=\"fa-accordion-icon e-font-icon-svg e-fas-minus\" viewBox=\"0 0 448 512\" xmlns=\"http:\/\/www.w3.org\/2000\/svg\"><path d=\"M416 208H32c-17.67 0-32 14.33-32 32v32c0 17.67 14.33 32 32 32h384c17.67 0 32-14.33 32-32v-32c0-17.67-14.33-32-32-32z\"><\/path><\/svg><\/span><span class=\"eael-accordion-tab-title\">Maquillaje y Peluquer\u00eda a domicilio<\/span><svg aria-hidden=\"true\" class=\"fa-toggle e-font-icon-svg e-fas-angle-right\" viewBox=\"0 0 256 512\" xmlns=\"http:\/\/www.w3.org\/2000\/svg\"><path d=\"M224.3 273l-136 136c-9.4 9.4-24.6 9.4-33.9 0l-22.6-22.6c-9.4-9.4-9.4-24.6 0-33.9l96.4-96.4-96.4-96.4c-9.4-9.4-9.4-24.6 0-33.9L54.3 103c9.4-9.4 24.6-9.4 33.9 0l136 136c9.5 9.4 9.5 24.6.1 34z\"><\/path><\/svg><\/div><div id=\"elementor-tab-content-1422\" class=\"eael-accordion-content clearfix\" data-tab=\"2\" aria-labelledby=\"maquillaje-y-peluquera-a-domicilio\"><p><strong>PRECIOS 2026\/27<\/strong><\/p><p><strong>PELUQUERIA A\u00a0 DOMICILIO<\/strong><\/p><ul><li>Peinado.\u00a0 <strong>70\u20ac<\/strong>.<\/li><li>Marcados <strong>70\u20ac.<\/strong><\/li><li>Recogidos\/semi recogidos <strong>80\u20ac.<\/strong><\/li><\/ul><p><strong>MAQUILLAJE A DOMICILIO<\/strong><\/p><ul><li>Maquillaje Profesional + pesta\u00f1as <strong>80\u20ac<\/strong>.<\/li><li>Maquillaje Profesional con aer\u00f3grafo m\u00e1s pesta\u00f1as <strong>100\u20ac.<\/strong><\/li><\/ul><p><strong>MAQUILLAJE Y PEINADO A DOMICILIO<\/strong><\/p><ul><li>Pack de invitada, incluye Maquillaje con base convencional, pesta\u00f1a postiza y Peinado <strong>150\u20ac.<\/strong><\/li><li>Pack de invitada, incluye Maquillaje con aer\u00f3grafo, pesta\u00f1a postiza y Peinado <strong>170\u20ac.<\/strong><\/li><\/ul><p><span style=\"font-size: 10px\"><strong><em>*Horario con cita previa.<br \/>La clienta deber\u00e1 tener el pelo limpio y seco al aire. <\/em><\/strong><\/span><strong style=\"font-size: 10px\"><em>No se deben utilizar herramientas de calor (cepillo, plancha, etc.) antes del servicio.<\/em><\/strong><\/p><p><span style=\"font-size: 10px\"><strong>-Servicios a Domicilio, (m\u00e1ximo a 20 kms de Valencia), para distancias superiores consultar precio kilometraje.<\/strong><\/span><\/p><\/div>\n\t\t\t\t\t<\/div><\/div>\t\t\t\t<\/div>\n\t\t\t\t<\/div>\n\t\t\t\t<div class=\"elementor-element elementor-element-45c7bf9 elementor-align-justify elementor-widget__width-initial elementor-widget elementor-widget-button\" data-id=\"45c7bf9\" data-element_type=\"widget\" data-e-type=\"widget\" data-widget_type=\"button.default\">\n\t\t\t\t<div class=\"elementor-widget-container\">\n\t\t\t\t\t\t\t\t\t<div class=\"elementor-button-wrapper\">\n\t\t\t\t\t<a class=\"elementor-button elementor-button-link elementor-size-sm\" href=\"https:\/\/tiendaonline.glossmakeupschool.com\/\">\n\t\t\t\t\t\t<span class=\"elementor-button-content-wrapper\">\n\t\t\t\t\t\t\t\t\t<span class=\"elementor-button-text\">RESERVA DE SERVICIO DE MAQUILLAJE<\/span>\n\t\t\t\t\t<\/span>\n\t\t\t\t\t<\/a>\n\t\t\t\t<\/div>\n\t\t\t\t\t\t\t\t<\/div>\n\t\t\t\t<\/div>\n\t\t\t\t<div class=\"elementor-element elementor-element-191217c elementor-widget__width-initial elementor-widget-tablet__width-initial elementor-widget elementor-widget-image\" data-id=\"191217c\" data-element_type=\"widget\" data-e-type=\"widget\" data-widget_type=\"image.default\">\n\t\t\t\t<div class=\"elementor-widget-container\">\n\t\t\t\t\t\t\t\t\t\t\t\t\t\t\t<img decoding=\"async\" src=\"https:\/\/www.glossmakeupschool.com\/wp-content\/uploads\/2024\/06\/logo-512.png\" title=\"\" alt=\"Cristina Garcia BEAUTY\" loading=\"lazy\" \/>\t\t\t\t\t\t\t\t\t\t\t\t\t\t\t<\/div>\n\t\t\t\t<\/div>\n\t\t\t\t<\/div>\n\t\t\t\t\t<\/div>\n\t\t\t\t<\/div>\n\t\t\t\t<\/div>\n\t\t","protected":false},"excerpt":{"rendered":"<p>Maquillaje y Peinados  para eventos en Estudio  y a domicilio en Valencia, Maquilladora profesional. Cristina Garc\u00eda BEAUTY<\/p>\n","protected":false},"author":2,"featured_media":72220,"parent":0,"menu_order":12,"comment_status":"closed","ping_status":"closed","template":"","meta":{"footnotes":""},"class_list":["post-45025","page","type-page","status-publish","has-post-thumbnail","hentry"],"yoast_head":"<!-- This site is optimized with the Yoast SEO plugin v27.4 - https:\/\/yoast.com\/product\/yoast-seo-wordpress\/ -->\n<title>Maquillaje y Peinados para eventos | Cristina Garc\u00eda BEAUTY STUDIO<\/title>\n<meta name=\"description\" content=\"Maquillaje y peinados para eventos, fiestas, ceremonias. Peinados y maquillaje en estudio y a domicilio en la ubicaci\u00f3n que prefieras.\" \/>\n<meta name=\"robots\" content=\"index, follow, max-snippet:-1, max-image-preview:large, max-video-preview:-1\" \/>\n<link rel=\"canonical\" href=\"https:\/\/cristinagarciabeauty.es\/index.php\/maquillajes-y-peluqueria-para-eventos\/\" \/>\n<meta property=\"og:locale\" content=\"es_ES\" \/>\n<meta property=\"og:type\" content=\"article\" \/>\n<meta property=\"og:title\" content=\"Maquillaje y Peinados para eventos | Cristina Garc\u00eda BEAUTY STUDIO\" \/>\n<meta property=\"og:description\" content=\"Maquillaje y peinados para eventos, fiestas, ceremonias. Peinados y maquillaje en estudio y a domicilio en la ubicaci\u00f3n que prefieras.\" \/>\n<meta property=\"og:url\" content=\"https:\/\/cristinagarciabeauty.es\/index.php\/maquillajes-y-peluqueria-para-eventos\/\" \/>\n<meta property=\"og:site_name\" content=\"Cristina Garc\u00eda BEAUTY STUDIO\" \/>\n<meta property=\"article:modified_time\" content=\"2026-04-20T11:19:06+00:00\" \/>\n<meta property=\"og:image\" content=\"https:\/\/cristinagarciabeauty.es\/wp-content\/uploads\/2024\/06\/IMG_3018-scaled-1.jpg\" \/>\n\t<meta property=\"og:image:width\" content=\"750\" \/>\n\t<meta property=\"og:image:height\" content=\"1000\" \/>\n\t<meta property=\"og:image:type\" content=\"image\/jpeg\" \/>\n<meta name=\"twitter:card\" content=\"summary_large_image\" \/>\n<meta name=\"twitter:label1\" content=\"Tiempo de lectura\" \/>\n\t<meta name=\"twitter:data1\" content=\"2 minutos\" \/>\n<script type=\"application\/ld+json\" class=\"yoast-schema-graph\">{\"@context\":\"https:\\\/\\\/schema.org\",\"@graph\":[{\"@type\":\"WebPage\",\"@id\":\"https:\\\/\\\/cristinagarciabeauty.es\\\/index.php\\\/maquillajes-y-peluqueria-para-eventos\\\/\",\"url\":\"https:\\\/\\\/cristinagarciabeauty.es\\\/index.php\\\/maquillajes-y-peluqueria-para-eventos\\\/\",\"name\":\"Maquillaje y Peinados para eventos | Cristina Garc\u00eda BEAUTY STUDIO\",\"isPartOf\":{\"@id\":\"https:\\\/\\\/cristinagarciabeauty.es\\\/#website\"},\"primaryImageOfPage\":{\"@id\":\"https:\\\/\\\/cristinagarciabeauty.es\\\/index.php\\\/maquillajes-y-peluqueria-para-eventos\\\/#primaryimage\"},\"image\":{\"@id\":\"https:\\\/\\\/cristinagarciabeauty.es\\\/index.php\\\/maquillajes-y-peluqueria-para-eventos\\\/#primaryimage\"},\"thumbnailUrl\":\"https:\\\/\\\/cristinagarciabeauty.es\\\/wp-content\\\/uploads\\\/2024\\\/06\\\/IMG_3018-scaled-1.jpg\",\"datePublished\":\"2020-07-31T23:58:21+00:00\",\"dateModified\":\"2026-04-20T11:19:06+00:00\",\"description\":\"Maquillaje y peinados para eventos, fiestas, ceremonias. Peinados y maquillaje en estudio y a domicilio en la ubicaci\u00f3n que prefieras.\",\"breadcrumb\":{\"@id\":\"https:\\\/\\\/cristinagarciabeauty.es\\\/index.php\\\/maquillajes-y-peluqueria-para-eventos\\\/#breadcrumb\"},\"inLanguage\":\"es\",\"potentialAction\":[{\"@type\":\"ReadAction\",\"target\":[\"https:\\\/\\\/cristinagarciabeauty.es\\\/index.php\\\/maquillajes-y-peluqueria-para-eventos\\\/\"]}]},{\"@type\":\"ImageObject\",\"inLanguage\":\"es\",\"@id\":\"https:\\\/\\\/cristinagarciabeauty.es\\\/index.php\\\/maquillajes-y-peluqueria-para-eventos\\\/#primaryimage\",\"url\":\"https:\\\/\\\/cristinagarciabeauty.es\\\/wp-content\\\/uploads\\\/2024\\\/06\\\/IMG_3018-scaled-1.jpg\",\"contentUrl\":\"https:\\\/\\\/cristinagarciabeauty.es\\\/wp-content\\\/uploads\\\/2024\\\/06\\\/IMG_3018-scaled-1.jpg\",\"width\":750,\"height\":1000,\"caption\":\"Cristina Garcia Beasuty Maquillaje Profesional\"},{\"@type\":\"BreadcrumbList\",\"@id\":\"https:\\\/\\\/cristinagarciabeauty.es\\\/index.php\\\/maquillajes-y-peluqueria-para-eventos\\\/#breadcrumb\",\"itemListElement\":[{\"@type\":\"ListItem\",\"position\":1,\"name\":\"Portada\",\"item\":\"https:\\\/\\\/cristinagarciabeauty.es\\\/\"},{\"@type\":\"ListItem\",\"position\":2,\"name\":\"Maquillaje y Peinados para eventos\"}]},{\"@type\":\"WebSite\",\"@id\":\"https:\\\/\\\/cristinagarciabeauty.es\\\/#website\",\"url\":\"https:\\\/\\\/cristinagarciabeauty.es\\\/\",\"name\":\"Cristina Garc\u00eda BEAUTY STUDIO\",\"description\":\"Maquillaje Profesional en Valencia, Maquillaje y peinados de novias e invitadas, Micropigmentaci\u00f3n de cejas labios y eye liner en Valencia\",\"publisher\":{\"@id\":\"https:\\\/\\\/cristinagarciabeauty.es\\\/#\\\/schema\\\/person\\\/fa15d7a15b93f1a0409ec4f3608432c8\"},\"alternateName\":\"Cristina Garcia BEAUTY\",\"potentialAction\":[{\"@type\":\"SearchAction\",\"target\":{\"@type\":\"EntryPoint\",\"urlTemplate\":\"https:\\\/\\\/cristinagarciabeauty.es\\\/?s={search_term_string}\"},\"query-input\":{\"@type\":\"PropertyValueSpecification\",\"valueRequired\":true,\"valueName\":\"search_term_string\"}}],\"inLanguage\":\"es\"},{\"@type\":[\"Person\",\"Organization\"],\"@id\":\"https:\\\/\\\/cristinagarciabeauty.es\\\/#\\\/schema\\\/person\\\/fa15d7a15b93f1a0409ec4f3608432c8\",\"name\":\"admin\",\"image\":{\"@type\":\"ImageObject\",\"inLanguage\":\"es\",\"@id\":\"https:\\\/\\\/cristinagarciabeauty.es\\\/wp-content\\\/uploads\\\/2024\\\/01\\\/cropped-LOGO-CRIS-BEAUTY-MICRO-e1705351270214.png\",\"url\":\"https:\\\/\\\/cristinagarciabeauty.es\\\/wp-content\\\/uploads\\\/2024\\\/01\\\/cropped-LOGO-CRIS-BEAUTY-MICRO-e1705351270214.png\",\"contentUrl\":\"https:\\\/\\\/cristinagarciabeauty.es\\\/wp-content\\\/uploads\\\/2024\\\/01\\\/cropped-LOGO-CRIS-BEAUTY-MICRO-e1705351270214.png\",\"width\":352,\"height\":253,\"caption\":\"admin\"},\"logo\":{\"@id\":\"https:\\\/\\\/cristinagarciabeauty.es\\\/wp-content\\\/uploads\\\/2024\\\/01\\\/cropped-LOGO-CRIS-BEAUTY-MICRO-e1705351270214.png\"},\"sameAs\":[\"http:\\\/\\\/cristinagarciabeauty.es\"]}]}<\/script>\n<!-- \/ Yoast SEO plugin. -->","yoast_head_json":{"title":"Maquillaje y Peinados para eventos | Cristina Garc\u00eda BEAUTY STUDIO","description":"Maquillaje y peinados para eventos, fiestas, ceremonias. Peinados y maquillaje en estudio y a domicilio en la ubicaci\u00f3n que prefieras.","robots":{"index":"index","follow":"follow","max-snippet":"max-snippet:-1","max-image-preview":"max-image-preview:large","max-video-preview":"max-video-preview:-1"},"canonical":"https:\/\/cristinagarciabeauty.es\/index.php\/maquillajes-y-peluqueria-para-eventos\/","og_locale":"es_ES","og_type":"article","og_title":"Maquillaje y Peinados para eventos | Cristina Garc\u00eda BEAUTY STUDIO","og_description":"Maquillaje y peinados para eventos, fiestas, ceremonias. Peinados y maquillaje en estudio y a domicilio en la ubicaci\u00f3n que prefieras.","og_url":"https:\/\/cristinagarciabeauty.es\/index.php\/maquillajes-y-peluqueria-para-eventos\/","og_site_name":"Cristina Garc\u00eda BEAUTY STUDIO","article_modified_time":"2026-04-20T11:19:06+00:00","og_image":[{"width":750,"height":1000,"url":"https:\/\/cristinagarciabeauty.es\/wp-content\/uploads\/2024\/06\/IMG_3018-scaled-1.jpg","type":"image\/jpeg"}],"twitter_card":"summary_large_image","twitter_misc":{"Tiempo de lectura":"2 minutos"},"schema":{"@context":"https:\/\/schema.org","@graph":[{"@type":"WebPage","@id":"https:\/\/cristinagarciabeauty.es\/index.php\/maquillajes-y-peluqueria-para-eventos\/","url":"https:\/\/cristinagarciabeauty.es\/index.php\/maquillajes-y-peluqueria-para-eventos\/","name":"Maquillaje y Peinados para eventos | Cristina Garc\u00eda BEAUTY STUDIO","isPartOf":{"@id":"https:\/\/cristinagarciabeauty.es\/#website"},"primaryImageOfPage":{"@id":"https:\/\/cristinagarciabeauty.es\/index.php\/maquillajes-y-peluqueria-para-eventos\/#primaryimage"},"image":{"@id":"https:\/\/cristinagarciabeauty.es\/index.php\/maquillajes-y-peluqueria-para-eventos\/#primaryimage"},"thumbnailUrl":"https:\/\/cristinagarciabeauty.es\/wp-content\/uploads\/2024\/06\/IMG_3018-scaled-1.jpg","datePublished":"2020-07-31T23:58:21+00:00","dateModified":"2026-04-20T11:19:06+00:00","description":"Maquillaje y peinados para eventos, fiestas, ceremonias. Peinados y maquillaje en estudio y a domicilio en la ubicaci\u00f3n que prefieras.","breadcrumb":{"@id":"https:\/\/cristinagarciabeauty.es\/index.php\/maquillajes-y-peluqueria-para-eventos\/#breadcrumb"},"inLanguage":"es","potentialAction":[{"@type":"ReadAction","target":["https:\/\/cristinagarciabeauty.es\/index.php\/maquillajes-y-peluqueria-para-eventos\/"]}]},{"@type":"ImageObject","inLanguage":"es","@id":"https:\/\/cristinagarciabeauty.es\/index.php\/maquillajes-y-peluqueria-para-eventos\/#primaryimage","url":"https:\/\/cristinagarciabeauty.es\/wp-content\/uploads\/2024\/06\/IMG_3018-scaled-1.jpg","contentUrl":"https:\/\/cristinagarciabeauty.es\/wp-content\/uploads\/2024\/06\/IMG_3018-scaled-1.jpg","width":750,"height":1000,"caption":"Cristina Garcia Beasuty Maquillaje Profesional"},{"@type":"BreadcrumbList","@id":"https:\/\/cristinagarciabeauty.es\/index.php\/maquillajes-y-peluqueria-para-eventos\/#breadcrumb","itemListElement":[{"@type":"ListItem","position":1,"name":"Portada","item":"https:\/\/cristinagarciabeauty.es\/"},{"@type":"ListItem","position":2,"name":"Maquillaje y Peinados para eventos"}]},{"@type":"WebSite","@id":"https:\/\/cristinagarciabeauty.es\/#website","url":"https:\/\/cristinagarciabeauty.es\/","name":"Cristina Garc\u00eda BEAUTY STUDIO","description":"Maquillaje Profesional en Valencia, Maquillaje y peinados de novias e invitadas, Micropigmentaci\u00f3n de cejas labios y eye liner en Valencia","publisher":{"@id":"https:\/\/cristinagarciabeauty.es\/#\/schema\/person\/fa15d7a15b93f1a0409ec4f3608432c8"},"alternateName":"Cristina Garcia BEAUTY","potentialAction":[{"@type":"SearchAction","target":{"@type":"EntryPoint","urlTemplate":"https:\/\/cristinagarciabeauty.es\/?s={search_term_string}"},"query-input":{"@type":"PropertyValueSpecification","valueRequired":true,"valueName":"search_term_string"}}],"inLanguage":"es"},{"@type":["Person","Organization"],"@id":"https:\/\/cristinagarciabeauty.es\/#\/schema\/person\/fa15d7a15b93f1a0409ec4f3608432c8","name":"admin","image":{"@type":"ImageObject","inLanguage":"es","@id":"https:\/\/cristinagarciabeauty.es\/wp-content\/uploads\/2024\/01\/cropped-LOGO-CRIS-BEAUTY-MICRO-e1705351270214.png","url":"https:\/\/cristinagarciabeauty.es\/wp-content\/uploads\/2024\/01\/cropped-LOGO-CRIS-BEAUTY-MICRO-e1705351270214.png","contentUrl":"https:\/\/cristinagarciabeauty.es\/wp-content\/uploads\/2024\/01\/cropped-LOGO-CRIS-BEAUTY-MICRO-e1705351270214.png","width":352,"height":253,"caption":"admin"},"logo":{"@id":"https:\/\/cristinagarciabeauty.es\/wp-content\/uploads\/2024\/01\/cropped-LOGO-CRIS-BEAUTY-MICRO-e1705351270214.png"},"sameAs":["http:\/\/cristinagarciabeauty.es"]}]}},"_links":{"self":[{"href":"https:\/\/cristinagarciabeauty.es\/index.php\/wp-json\/wp\/v2\/pages\/45025","targetHints":{"allow":["GET"]}}],"collection":[{"href":"https:\/\/cristinagarciabeauty.es\/index.php\/wp-json\/wp\/v2\/pages"}],"about":[{"href":"https:\/\/cristinagarciabeauty.es\/index.php\/wp-json\/wp\/v2\/types\/page"}],"author":[{"embeddable":true,"href":"https:\/\/cristinagarciabeauty.es\/index.php\/wp-json\/wp\/v2\/users\/2"}],"replies":[{"embeddable":true,"href":"https:\/\/cristinagarciabeauty.es\/index.php\/wp-json\/wp\/v2\/comments?post=45025"}],"version-history":[{"count":12,"href":"https:\/\/cristinagarciabeauty.es\/index.php\/wp-json\/wp\/v2\/pages\/45025\/revisions"}],"predecessor-version":[{"id":84011,"href":"https:\/\/cristinagarciabeauty.es\/index.php\/wp-json\/wp\/v2\/pages\/45025\/revisions\/84011"}],"wp:featuredmedia":[{"embeddable":true,"href":"https:\/\/cristinagarciabeauty.es\/index.php\/wp-json\/wp\/v2\/media\/72220"}],"wp:attachment":[{"href":"https:\/\/cristinagarciabeauty.es\/index.php\/wp-json\/wp\/v2\/media?parent=45025"}],"curies":[{"name":"wp","href":"https:\/\/api.w.org\/{rel}","templated":true}]}}